{"id":6240,"date":"2022-02-01T15:06:03","date_gmt":"2022-02-01T14:06:03","guid":{"rendered":"https:\/\/regionalnivodovod.me\/organization-of-our-company\/"},"modified":"2026-04-19T14:22:24","modified_gmt":"2026-04-19T12:22:24","slug":"organization-of-our-company","status":"publish","type":"page","link":"https:\/\/regionalnivodovod.me\/en\/organization-of-our-company\/","title":{"rendered":"Organization"},"content":{"rendered":"\t\t<div data-elementor-type=\"wp-page\" data-elementor-id=\"6240\" class=\"elementor elementor-6240 elementor-1632\">\n\t\t\t\t\t\t\t\t\t<section class=\"elementor-section elementor-top-section elementor-element elementor-element-ca1eac4 elementor-section-content-middle elementor-section-boxed elementor-section-height-default elementor-section-height-default\" data-id=\"ca1eac4\" data-element_type=\"section\" data-settings=\"{&quot;jet_parallax_layout_list&quot;:[]}\">\n\t\t\t\t\t\t<div class=\"elementor-container elementor-column-gap-wide\">\n\t\t\t\t\t<div class=\"elementor-column elementor-col-100 elementor-top-column elementor-element elementor-element-4dc088f\" data-id=\"4dc088f\" data-element_type=\"column\">\n\t\t\t<div class=\"elementor-widget-wrap elementor-element-populated\">\n\t\t\t\t\t\t\t\t<div class=\"elementor-element elementor-element-e89d37f elementor-widget elementor-widget-heading\" data-id=\"e89d37f\" data-element_type=\"widget\" data-widget_type=\"heading.default\">\n\t\t\t\t<div class=\"elementor-widget-container\">\n\t\t\t<style>\/*! elementor - v3.11.3 - 07-03-2023 *\/\n.elementor-heading-title{padding:0;margin:0;line-height:1}.elementor-widget-heading .elementor-heading-title[class*=elementor-size-]>a{color:inherit;font-size:inherit;line-height:inherit}.elementor-widget-heading .elementor-heading-title.elementor-size-small{font-size:15px}.elementor-widget-heading .elementor-heading-title.elementor-size-medium{font-size:19px}.elementor-widget-heading .elementor-heading-title.elementor-size-large{font-size:29px}.elementor-widget-heading .elementor-heading-title.elementor-size-xl{font-size:39px}.elementor-widget-heading .elementor-heading-title.elementor-size-xxl{font-size:59px}<\/style><h1 class=\"elementor-heading-title elementor-size-default\">Organization<\/h1>\t\t<\/div>\n\t\t\t\t<\/div>\n\t\t\t\t<div class=\"elementor-element elementor-element-346e988 elementor-widget elementor-widget-text-editor\" data-id=\"346e988\" data-element_type=\"widget\" data-widget_type=\"text-editor.default\">\n\t\t\t\t<div class=\"elementor-widget-container\">\n\t\t\t<style>\/*! elementor - v3.11.3 - 07-03-2023 *\/\n.elementor-widget-text-editor.elementor-drop-cap-view-stacked .elementor-drop-cap{background-color:#818a91;color:#fff}.elementor-widget-text-editor.elementor-drop-cap-view-framed .elementor-drop-cap{color:#818a91;border:3px solid;background-color:transparent}.elementor-widget-text-editor:not(.elementor-drop-cap-view-default) .elementor-drop-cap{margin-top:8px}.elementor-widget-text-editor:not(.elementor-drop-cap-view-default) .elementor-drop-cap-letter{width:1em;height:1em}.elementor-widget-text-editor .elementor-drop-cap{float:left;text-align:center;line-height:1;font-size:50px}.elementor-widget-text-editor .elementor-drop-cap-letter{display:inline-block}<\/style>\t\t\t\t<h5>Director&#8217;s office<\/h5>\n<p>E-mail: <a href=\"mailto:headoffice@regionalnivodovod.me\">headoffice@regionalnivodovod.me<\/a><\/p>\n<h5>PR office<\/h5>\n<p>Sandra Krapovi\u010b<br>E-mail: <a href=\"mailto:sandra.krapovic@regionalnivodovod.me\">sandra.krapovic@regionalnivodovod.me<\/a><\/p>\n<h5>Technical department<\/h5>\n<p>Ivan \u0160padijer<br>E-mail:<a href=\"mailto:aleksandar.cerovic@regionalnivodovod.me\"> ivan.spadijer@regionalnivodovod.me<\/a><\/p><p><\/p>\n<h5>Finance department<\/h5>\n<p>Vojislava Stijepovi\u0107<br>E-mail: <a href=\"mailto:vojislava.stijepovi%C4%87@regionalnivodovod.me\">vojislava.stijepovi\u0107@regionalnivodovod.me<\/a><\/p>\n<h5>Sector for protection of persons and property<\/h5>\n<p>Goran \u0110ukanovi\u0107<br>E-mail: <a href=\"mailto:goran.djukanovic@regionalnivodovod.me\">goran.djukanovic@regionalnivodovod.me<\/a><\/p>\n<p><strong>Phone number:<\/strong> 033 451 921<\/p>\t\t\t\t\t\t<\/div>\n\t\t\t\t<\/div>\n\t\t\t\t\t<\/div>\n\t\t<\/div>\n\t\t\t\t\t\t\t<\/div>\n\t\t<\/section>\n\t\t\t\t\t\t\t<\/div>\n\t\t","protected":false},"excerpt":{"rendered":"<p>Organization Director&#8217;s office E-mail: headoffice@regionalnivodovod.me PR office Sandra Krapovi\u010bE-mail: sandra.krapovic@regionalnivodovod.me Technical department Ivan \u0160padijerE-mail: ivan.spadijer@regionalnivodovod.me Finance department Vojislava Stijepovi\u0107E-mail: vojislava.stijepovi\u0107@regionalnivodovod.me Sector for protection of persons and property Goran \u0110ukanovi\u0107E-mail: goran.djukanovic@regionalnivodovod.me Phone number: 033 451 921<\/p>\n","protected":false},"author":1,"featured_media":0,"parent":0,"menu_order":0,"comment_status":"closed","ping_status":"closed","template":"elementor_header_footer","meta":{"_seopress_robots_primary_cat":"","footnotes":""},"class_list":["post-6240","page","type-page","status-publish","hentry"],"_links":{"self":[{"href":"https:\/\/regionalnivodovod.me\/en\/wp-json\/wp\/v2\/pages\/6240","targetHints":{"allow":["GET"]}}],"collection":[{"href":"https:\/\/regionalnivodovod.me\/en\/wp-json\/wp\/v2\/pages"}],"about":[{"href":"https:\/\/regionalnivodovod.me\/en\/wp-json\/wp\/v2\/types\/page"}],"author":[{"embeddable":true,"href":"https:\/\/regionalnivodovod.me\/en\/wp-json\/wp\/v2\/users\/1"}],"replies":[{"embeddable":true,"href":"https:\/\/regionalnivodovod.me\/en\/wp-json\/wp\/v2\/comments?post=6240"}],"version-history":[{"count":11,"href":"https:\/\/regionalnivodovod.me\/en\/wp-json\/wp\/v2\/pages\/6240\/revisions"}],"predecessor-version":[{"id":6312,"href":"https:\/\/regionalnivodovod.me\/en\/wp-json\/wp\/v2\/pages\/6240\/revisions\/6312"}],"wp:attachment":[{"href":"https:\/\/regionalnivodovod.me\/en\/wp-json\/wp\/v2\/media?parent=6240"}],"curies":[{"name":"wp","href":"https:\/\/api.w.org\/{rel}","templated":true}]}}