{"id":6224,"date":"2022-01-29T15:52:22","date_gmt":"2022-01-29T14:52:22","guid":{"rendered":"https:\/\/regionalnivodovod.me\/documents\/regulations\/"},"modified":"2026-04-19T00:25:39","modified_gmt":"2026-04-18T22:25:39","slug":"regulations","status":"publish","type":"page","link":"https:\/\/regionalnivodovod.me\/en\/documents\/regulations\/","title":{"rendered":"Regulations"},"content":{"rendered":"\t\t<div data-elementor-type=\"wp-page\" data-elementor-id=\"6224\" class=\"elementor elementor-6224 elementor-340\">\n\t\t\t\t\t\t\t\t\t<section class=\"elementor-section elementor-top-section elementor-element elementor-element-2363460 elementor-section-boxed elementor-section-height-default elementor-section-height-default\" data-id=\"2363460\" data-element_type=\"section\" data-settings=\"{&quot;jet_parallax_layout_list&quot;:[]}\">\n\t\t\t\t\t\t<div class=\"elementor-container elementor-column-gap-wide\">\n\t\t\t\t\t<div class=\"elementor-column elementor-col-100 elementor-top-column elementor-element elementor-element-4b66f1a\" data-id=\"4b66f1a\" data-element_type=\"column\">\n\t\t\t<div class=\"elementor-widget-wrap elementor-element-populated\">\n\t\t\t\t\t\t\t\t<div class=\"elementor-element elementor-element-b1bc2ee elementor-widget elementor-widget-jet-listing-grid\" data-id=\"b1bc2ee\" data-element_type=\"widget\" id=\"propisi\" data-settings=\"{&quot;columns&quot;:&quot;1&quot;}\" data-widget_type=\"jet-listing-grid.default\">\n\t\t\t\t<div class=\"elementor-widget-container\">\n\t\t\t<div class=\"jet-listing-grid jet-listing\"><div class=\"jet-listing-grid__items grid-col-desk-1 grid-col-tablet-1 grid-col-mobile-1 jet-listing-grid--84\"  data-nav=\"{&quot;enabled&quot;:false,&quot;type&quot;:null,&quot;more_el&quot;:null,&quot;query&quot;:[],&quot;widget_settings&quot;:{&quot;lisitng_id&quot;:84,&quot;posts_num&quot;:20,&quot;columns&quot;:1,&quot;columns_tablet&quot;:1,&quot;columns_mobile&quot;:1,&quot;is_archive_template&quot;:&quot;&quot;,&quot;post_status&quot;:[&quot;publish&quot;],&quot;use_random_posts_num&quot;:&quot;&quot;,&quot;max_posts_num&quot;:9,&quot;not_found_message&quot;:&quot;No data was found&quot;,&quot;is_masonry&quot;:false,&quot;equal_columns_height&quot;:&quot;&quot;,&quot;use_load_more&quot;:&quot;&quot;,&quot;load_more_id&quot;:&quot;&quot;,&quot;load_more_type&quot;:&quot;click&quot;,&quot;load_more_offset&quot;:{&quot;unit&quot;:&quot;px&quot;,&quot;size&quot;:0,&quot;sizes&quot;:[]},&quot;use_custom_post_types&quot;:&quot;&quot;,&quot;custom_post_types&quot;:[],&quot;hide_widget_if&quot;:&quot;&quot;,&quot;carousel_enabled&quot;:&quot;&quot;,&quot;slides_to_scroll&quot;:&quot;1&quot;,&quot;arrows&quot;:&quot;true&quot;,&quot;arrow_icon&quot;:&quot;fa fa-angle-left&quot;,&quot;dots&quot;:&quot;&quot;,&quot;autoplay&quot;:&quot;true&quot;,&quot;autoplay_speed&quot;:5000,&quot;infinite&quot;:&quot;true&quot;,&quot;center_mode&quot;:&quot;&quot;,&quot;effect&quot;:&quot;slide&quot;,&quot;speed&quot;:500,&quot;inject_alternative_items&quot;:&quot;&quot;,&quot;injection_items&quot;:[],&quot;scroll_slider_enabled&quot;:&quot;&quot;,&quot;scroll_slider_on&quot;:[&quot;desktop&quot;,&quot;tablet&quot;,&quot;mobile&quot;],&quot;custom_query&quot;:false,&quot;custom_query_id&quot;:&quot;&quot;,&quot;_element_id&quot;:&quot;propisi&quot;}}\" data-page=\"1\" data-pages=\"1\" data-listing-source=\"posts\" data-listing-id=\"84\" data-query-id=\"\"><style>.elementor-6270 .elementor-element.elementor-element-0f737a1 > .elementor-widget-wrap > .elementor-widget:not(.elementor-widget__width-auto):not(.elementor-widget__width-initial):not(:last-child):not(.elementor-absolute){margin-bottom:0px;}.elementor-6270 .elementor-element.elementor-element-0f737a1 > .elementor-element-populated{padding:0px 0px 0px 0px;}.elementor-6270 .elementor-element.elementor-element-6f67dff .jet-listing-dynamic-field__content{color:var( --e-global-color-primary );font-family:\"Raleway\", Sans-serif;font-size:1rem;font-weight:500;text-align:left;}.elementor-6270 .elementor-element.elementor-element-6f67dff .jet-listing-dynamic-field .jet-listing-dynamic-field__inline-wrap{width:auto;}.elementor-6270 .elementor-element.elementor-element-6f67dff .jet-listing-dynamic-field .jet-listing-dynamic-field__content{width:auto;}.elementor-6270 .elementor-element.elementor-element-6f67dff .jet-listing-dynamic-field{justify-content:flex-start;}.elementor-6270 .elementor-element.elementor-element-6f67dff .jet-listing-dynamic-field__icon{color:var( --e-global-color-secondary );font-size:22px;}.elementor-6270 .elementor-element.elementor-element-6f67dff .jet-listing-dynamic-field__icon :is(svg, path){fill:var( --e-global-color-secondary );}body:not(.rtl) .elementor-6270 .elementor-element.elementor-element-6f67dff .jet-listing-dynamic-field__icon{margin-right:10px;}body.rtl .elementor-6270 .elementor-element.elementor-element-6f67dff .jet-listing-dynamic-field__icon{margin-left:10px;}.elementor-6270 .elementor-element.elementor-element-42f0f91 .jet-listing-dynamic-field__content{color:var( --e-global-color-primary );font-family:\"Raleway\", Sans-serif;font-size:1rem;font-weight:500;text-align:left;}.elementor-6270 .elementor-element.elementor-element-42f0f91 .jet-listing-dynamic-field .jet-listing-dynamic-field__inline-wrap{width:auto;}.elementor-6270 .elementor-element.elementor-element-42f0f91 .jet-listing-dynamic-field .jet-listing-dynamic-field__content{width:auto;}.elementor-6270 .elementor-element.elementor-element-42f0f91 .jet-listing-dynamic-field{justify-content:flex-start;}.elementor-6270 .elementor-element.elementor-element-42f0f91 .jet-listing-dynamic-field__icon{color:var( --e-global-color-secondary );font-size:22px;}.elementor-6270 .elementor-element.elementor-element-42f0f91 .jet-listing-dynamic-field__icon :is(svg, path){fill:var( --e-global-color-secondary );}body:not(.rtl) .elementor-6270 .elementor-element.elementor-element-42f0f91 .jet-listing-dynamic-field__icon{margin-right:10px;}body.rtl .elementor-6270 .elementor-element.elementor-element-42f0f91 .jet-listing-dynamic-field__icon{margin-left:10px;}.elementor-6270 .elementor-element.elementor-element-f703a7d .jet-listing-dynamic-field__content{color:var( --e-global-color-primary );font-family:\"Raleway\", Sans-serif;font-size:1rem;font-weight:500;text-align:left;}.elementor-6270 .elementor-element.elementor-element-f703a7d .jet-listing-dynamic-field .jet-listing-dynamic-field__inline-wrap{width:auto;}.elementor-6270 .elementor-element.elementor-element-f703a7d .jet-listing-dynamic-field .jet-listing-dynamic-field__content{width:auto;}.elementor-6270 .elementor-element.elementor-element-f703a7d .jet-listing-dynamic-field{justify-content:flex-start;}.elementor-6270 .elementor-element.elementor-element-f703a7d .jet-listing-dynamic-field__icon{color:var( --e-global-color-secondary );font-size:22px;}.elementor-6270 .elementor-element.elementor-element-f703a7d .jet-listing-dynamic-field__icon :is(svg, path){fill:var( --e-global-color-secondary );}body:not(.rtl) .elementor-6270 .elementor-element.elementor-element-f703a7d .jet-listing-dynamic-field__icon{margin-right:10px;}body.rtl .elementor-6270 .elementor-element.elementor-element-f703a7d .jet-listing-dynamic-field__icon{margin-left:10px;}.elementor-6270 .elementor-element.elementor-element-64172cc .jet-listing-dynamic-field__content{color:var( --e-global-color-primary );font-family:\"Raleway\", Sans-serif;font-size:1rem;font-weight:500;text-align:left;}.elementor-6270 .elementor-element.elementor-element-64172cc .jet-listing-dynamic-field .jet-listing-dynamic-field__inline-wrap{width:auto;}.elementor-6270 .elementor-element.elementor-element-64172cc .jet-listing-dynamic-field .jet-listing-dynamic-field__content{width:auto;}.elementor-6270 .elementor-element.elementor-element-64172cc .jet-listing-dynamic-field{justify-content:flex-start;}.elementor-6270 .elementor-element.elementor-element-64172cc .jet-listing-dynamic-field__icon{color:var( --e-global-color-secondary );font-size:22px;}.elementor-6270 .elementor-element.elementor-element-64172cc .jet-listing-dynamic-field__icon :is(svg, path){fill:var( --e-global-color-secondary );}body:not(.rtl) .elementor-6270 .elementor-element.elementor-element-64172cc .jet-listing-dynamic-field__icon{margin-right:10px;}body.rtl .elementor-6270 .elementor-element.elementor-element-64172cc .jet-listing-dynamic-field__icon{margin-left:10px;}.elementor-6270 .elementor-element.elementor-element-6da41a3 .jet-listing-dynamic-link__link{align-self:flex-start;font-family:\"Raleway\", Sans-serif;font-size:1rem;font-weight:500;color:var( --e-global-color-accent );flex-direction:row;}.elementor-6270 .elementor-element.elementor-element-6da41a3 .jet-listing-dynamic-link__icon{color:var( --e-global-color-primary );order:1;font-size:22px;}.elementor-6270 .elementor-element.elementor-element-6da41a3 .jet-listing-dynamic-link__icon :is(svg, path){fill:var( --e-global-color-primary );}.elementor-6270 .elementor-element.elementor-element-6da41a3 .jet-listing-dynamic-link__link:hover{color:var( --e-global-color-secondary );}body:not(.rtl) .elementor-6270 .elementor-element.elementor-element-6da41a3 .jet-listing-dynamic-link__icon{margin-right:10px;}body.rtl .elementor-6270 .elementor-element.elementor-element-6da41a3 .jet-listing-dynamic-link__icon{margin-left:10px;}<\/style><div class=\"jet-listing-grid__item jet-listing-dynamic-post-1191\" data-post-id=\"1191\" >\t\t<div data-elementor-type=\"jet-listing-items\" data-elementor-id=\"6270\" class=\"elementor elementor-6270 elementor-84\">\n\t\t\t\t\t\t\t\t\t<section class=\"elementor-section elementor-top-section elementor-element elementor-element-218dd68 elementor-section-boxed elementor-section-height-default elementor-section-height-default\" data-id=\"218dd68\" data-element_type=\"section\" data-settings=\"{&quot;jet_parallax_layout_list&quot;:[]}\">\n\t\t\t\t\t\t<div class=\"elementor-container elementor-column-gap-default\">\n\t\t\t\t\t<div class=\"elementor-column elementor-col-100 elementor-top-column elementor-element elementor-element-0f737a1\" data-id=\"0f737a1\" data-element_type=\"column\">\n\t\t\t<div class=\"elementor-widget-wrap elementor-element-populated\">\n\t\t\t\t\t\t\t\t<div class=\"elementor-element elementor-element-6f67dff elementor-widget elementor-widget-jet-listing-dynamic-field\" data-id=\"6f67dff\" data-element_type=\"widget\" data-widget_type=\"jet-listing-dynamic-field.default\">\n\t\t\t\t<div class=\"elementor-widget-container\">\n\t\t\t<div class=\"jet-listing jet-listing-dynamic-field display-inline\"><div class=\"jet-listing-dynamic-field__inline-wrap\"><i class=\"jet-listing-dynamic-field__icon far fa-file-pdf\" aria-hidden=\"true\"><\/i><div class=\"jet-listing-dynamic-field__content\"><a href=\"https:\/\/regionalnivodovod.me\/wp-content\/uploads\/Cjenovnik-usluga-izdavanja-u-zakup-optickih-vlakana.pdf\">Cjenovnik usluga izdavanja u zakup opti\u010dkih vlakana<\/a><\/div><\/div><\/div>\t\t<\/div>\n\t\t\t\t<\/div>\n\t\t\t\t\t<\/div>\n\t\t<\/div>\n\t\t\t\t\t\t\t<\/div>\n\t\t<\/section>\n\t\t\t\t\t\t\t<\/div>\n\t\t<\/div><div class=\"jet-listing-grid__item jet-listing-dynamic-post-1178\" data-post-id=\"1178\" >\t\t<div data-elementor-type=\"jet-listing-items\" data-elementor-id=\"6270\" class=\"elementor elementor-6270 elementor-84\">\n\t\t\t\t\t\t\t\t\t<section class=\"elementor-section elementor-top-section elementor-element elementor-element-218dd68 elementor-section-boxed elementor-section-height-default elementor-section-height-default\" data-id=\"218dd68\" data-element_type=\"section\" data-settings=\"{&quot;jet_parallax_layout_list&quot;:[]}\">\n\t\t\t\t\t\t<div class=\"elementor-container elementor-column-gap-default\">\n\t\t\t\t\t<div class=\"elementor-column elementor-col-100 elementor-top-column elementor-element elementor-element-0f737a1\" data-id=\"0f737a1\" data-element_type=\"column\">\n\t\t\t<div class=\"elementor-widget-wrap elementor-element-populated\">\n\t\t\t\t\t\t\t\t<div class=\"elementor-element elementor-element-6f67dff elementor-widget elementor-widget-jet-listing-dynamic-field\" data-id=\"6f67dff\" data-element_type=\"widget\" data-widget_type=\"jet-listing-dynamic-field.default\">\n\t\t\t\t<div class=\"elementor-widget-container\">\n\t\t\t<div class=\"jet-listing jet-listing-dynamic-field display-inline\"><div class=\"jet-listing-dynamic-field__inline-wrap\"><i class=\"jet-listing-dynamic-field__icon far fa-file-pdf\" aria-hidden=\"true\"><\/i><div class=\"jet-listing-dynamic-field__content\"><a href=\"https:\/\/regionalnivodovod.me\/wp-content\/uploads\/Odluka-Registar-operatera.pdf\">Odluka Registar operatera<\/a><\/div><\/div><\/div>\t\t<\/div>\n\t\t\t\t<\/div>\n\t\t\t\t\t<\/div>\n\t\t<\/div>\n\t\t\t\t\t\t\t<\/div>\n\t\t<\/section>\n\t\t\t\t\t\t\t<\/div>\n\t\t<\/div><div class=\"jet-listing-grid__item jet-listing-dynamic-post-1158\" data-post-id=\"1158\" >\t\t<div data-elementor-type=\"jet-listing-items\" data-elementor-id=\"6270\" class=\"elementor elementor-6270 elementor-84\">\n\t\t\t\t\t\t\t\t\t<section class=\"elementor-section elementor-top-section elementor-element elementor-element-218dd68 elementor-section-boxed elementor-section-height-default elementor-section-height-default\" data-id=\"218dd68\" data-element_type=\"section\" data-settings=\"{&quot;jet_parallax_layout_list&quot;:[]}\">\n\t\t\t\t\t\t<div class=\"elementor-container elementor-column-gap-default\">\n\t\t\t\t\t<div class=\"elementor-column elementor-col-100 elementor-top-column elementor-element elementor-element-0f737a1\" data-id=\"0f737a1\" data-element_type=\"column\">\n\t\t\t<div class=\"elementor-widget-wrap elementor-element-populated\">\n\t\t\t\t\t\t\t\t<div class=\"elementor-element elementor-element-6f67dff elementor-widget elementor-widget-jet-listing-dynamic-field\" data-id=\"6f67dff\" data-element_type=\"widget\" data-widget_type=\"jet-listing-dynamic-field.default\">\n\t\t\t\t<div class=\"elementor-widget-container\">\n\t\t\t<div class=\"jet-listing jet-listing-dynamic-field display-inline\"><div class=\"jet-listing-dynamic-field__inline-wrap\"><i class=\"jet-listing-dynamic-field__icon far fa-file-pdf\" aria-hidden=\"true\"><\/i><div class=\"jet-listing-dynamic-field__content\"><a href=\"https:\/\/regionalnivodovod.me\/wp-content\/uploads\/Pravilnik.pdf\">Pravilnik o odre\u0111ivanju i odr\u017eavanju zona i pojaseva sanitarne za\u0161tite i izvori\u0161ta i ograni\u010denjima u tim zonama<\/a><\/div><\/div><\/div>\t\t<\/div>\n\t\t\t\t<\/div>\n\t\t\t\t\t<\/div>\n\t\t<\/div>\n\t\t\t\t\t\t\t<\/div>\n\t\t<\/section>\n\t\t\t\t\t\t\t<\/div>\n\t\t<\/div><div class=\"jet-listing-grid__item jet-listing-dynamic-post-449\" data-post-id=\"449\" >\t\t<div data-elementor-type=\"jet-listing-items\" data-elementor-id=\"6270\" class=\"elementor elementor-6270 elementor-84\">\n\t\t\t\t\t\t\t\t\t<section class=\"elementor-section elementor-top-section elementor-element elementor-element-218dd68 elementor-section-boxed elementor-section-height-default elementor-section-height-default\" data-id=\"218dd68\" data-element_type=\"section\" data-settings=\"{&quot;jet_parallax_layout_list&quot;:[]}\">\n\t\t\t\t\t\t<div class=\"elementor-container elementor-column-gap-default\">\n\t\t\t\t\t<div class=\"elementor-column elementor-col-100 elementor-top-column elementor-element elementor-element-0f737a1\" data-id=\"0f737a1\" data-element_type=\"column\">\n\t\t\t<div class=\"elementor-widget-wrap elementor-element-populated\">\n\t\t\t\t\t\t\t\t<div class=\"elementor-element elementor-element-6f67dff elementor-widget elementor-widget-jet-listing-dynamic-field\" data-id=\"6f67dff\" data-element_type=\"widget\" data-widget_type=\"jet-listing-dynamic-field.default\">\n\t\t\t\t<div class=\"elementor-widget-container\">\n\t\t\t<div class=\"jet-listing jet-listing-dynamic-field display-inline\"><div class=\"jet-listing-dynamic-field__inline-wrap\"><i class=\"jet-listing-dynamic-field__icon far fa-file-pdf\" aria-hidden=\"true\"><\/i><div class=\"jet-listing-dynamic-field__content\"><a href=\"https:\/\/regionalnivodovod.me\/wp-content\/uploads\/Odluka-o-osnivanju-DOO-RVCP.pdf\">Odluka o osnivanju DOO RVCP<\/a><\/div><\/div><\/div>\t\t<\/div>\n\t\t\t\t<\/div>\n\t\t\t\t\t<\/div>\n\t\t<\/div>\n\t\t\t\t\t\t\t<\/div>\n\t\t<\/section>\n\t\t\t\t\t\t\t<\/div>\n\t\t<\/div><div class=\"jet-listing-grid__item jet-listing-dynamic-post-445\" data-post-id=\"445\" >\t\t<div data-elementor-type=\"jet-listing-items\" data-elementor-id=\"6270\" class=\"elementor elementor-6270 elementor-84\">\n\t\t\t\t\t\t\t\t\t<section class=\"elementor-section elementor-top-section elementor-element elementor-element-218dd68 elementor-section-boxed elementor-section-height-default elementor-section-height-default\" data-id=\"218dd68\" data-element_type=\"section\" data-settings=\"{&quot;jet_parallax_layout_list&quot;:[]}\">\n\t\t\t\t\t\t<div class=\"elementor-container elementor-column-gap-default\">\n\t\t\t\t\t<div class=\"elementor-column elementor-col-100 elementor-top-column elementor-element elementor-element-0f737a1\" data-id=\"0f737a1\" data-element_type=\"column\">\n\t\t\t<div class=\"elementor-widget-wrap elementor-element-populated\">\n\t\t\t\t\t\t\t\t<div class=\"elementor-element elementor-element-6f67dff elementor-widget elementor-widget-jet-listing-dynamic-field\" data-id=\"6f67dff\" data-element_type=\"widget\" data-widget_type=\"jet-listing-dynamic-field.default\">\n\t\t\t\t<div class=\"elementor-widget-container\">\n\t\t\t<div class=\"jet-listing jet-listing-dynamic-field display-inline\"><div class=\"jet-listing-dynamic-field__inline-wrap\"><i class=\"jet-listing-dynamic-field__icon far fa-file-pdf\" aria-hidden=\"true\"><\/i><div class=\"jet-listing-dynamic-field__content\"><a href=\"https:\/\/regionalnivodovod.me\/wp-content\/uploads\/Statut-DOO-RVCP.pdf\">Statut DOO RVCP<\/a><\/div><\/div><\/div>\t\t<\/div>\n\t\t\t\t<\/div>\n\t\t\t\t\t<\/div>\n\t\t<\/div>\n\t\t\t\t\t\t\t<\/div>\n\t\t<\/section>\n\t\t\t\t\t\t\t<\/div>\n\t\t<\/div><\/div><\/div>\t\t<\/div>\n\t\t\t\t<\/div>\n\t\t\t\t<div class=\"elementor-element elementor-element-7a975d6 elementor-widget elementor-widget-jet-smart-filters-pagination\" data-id=\"7a975d6\" data-element_type=\"widget\" data-widget_type=\"jet-smart-filters-pagination.default\">\n\t\t\t\t<div class=\"elementor-widget-container\">\n\t\t\t<div\n\t\t\t\tclass=\"jet-smart-filters-pagination jet-filter\"\n\t\t\t\tdata-apply-provider=\"jet-engine\"\n\t\t\t\tdata-content-provider=\"jet-engine\"\n\t\t\t\tdata-query-id=\"propisi\"\n\t\t\t\tdata-controls=\"{&quot;nav&quot;:true,&quot;prev&quot;:&quot;Prethodna&quot;,&quot;next&quot;:&quot;Sljede\\u0107a&quot;,&quot;pages_mid_size&quot;:0,&quot;pages_end_size&quot;:0,&quot;provider_top_offset&quot;:0}\"\n\t\t\t\tdata-apply-type=\"ajax\"\n\t\t\t><\/div>\t\t<\/div>\n\t\t\t\t<\/div>\n\t\t\t\t\t<\/div>\n\t\t<\/div>\n\t\t\t\t\t\t\t<\/div>\n\t\t<\/section>\n\t\t\t\t\t\t\t<\/div>\n\t\t","protected":false},"excerpt":{"rendered":"<p>Cjenovnik usluga izdavanja u zakup opti\u010dkih vlakana Odluka Registar operatera Pravilnik o odre\u0111ivanju i odr\u017eavanju zona i pojaseva sanitarne za\u0161tite i izvori\u0161ta i ograni\u010denjima u tim zonama Odluka o osnivanju DOO RVCP Statut DOO RVCP<\/p>\n","protected":false},"author":1,"featured_media":0,"parent":6206,"menu_order":0,"comment_status":"closed","ping_status":"closed","template":"elementor_header_footer","meta":{"_seopress_robots_primary_cat":"","footnotes":""},"class_list":["post-6224","page","type-page","status-publish","hentry"],"_links":{"self":[{"href":"https:\/\/regionalnivodovod.me\/en\/wp-json\/wp\/v2\/pages\/6224","targetHints":{"allow":["GET"]}}],"collection":[{"href":"https:\/\/regionalnivodovod.me\/en\/wp-json\/wp\/v2\/pages"}],"about":[{"href":"https:\/\/regionalnivodovod.me\/en\/wp-json\/wp\/v2\/types\/page"}],"author":[{"embeddable":true,"href":"https:\/\/regionalnivodovod.me\/en\/wp-json\/wp\/v2\/users\/1"}],"replies":[{"embeddable":true,"href":"https:\/\/regionalnivodovod.me\/en\/wp-json\/wp\/v2\/comments?post=6224"}],"version-history":[{"count":5,"href":"https:\/\/regionalnivodovod.me\/en\/wp-json\/wp\/v2\/pages\/6224\/revisions"}],"predecessor-version":[{"id":6291,"href":"https:\/\/regionalnivodovod.me\/en\/wp-json\/wp\/v2\/pages\/6224\/revisions\/6291"}],"up":[{"embeddable":true,"href":"https:\/\/regionalnivodovod.me\/en\/wp-json\/wp\/v2\/pages\/6206"}],"wp:attachment":[{"href":"https:\/\/regionalnivodovod.me\/en\/wp-json\/wp\/v2\/media?parent=6224"}],"curies":[{"name":"wp","href":"https:\/\/api.w.org\/{rel}","templated":true}]}}