{"id":6218,"date":"2022-01-29T15:51:33","date_gmt":"2022-01-29T14:51:33","guid":{"rendered":"https:\/\/regionalnivodovod.me\/documents\/annual-reports\/"},"modified":"2026-04-18T23:52:25","modified_gmt":"2026-04-18T21:52:25","slug":"annual-reports","status":"publish","type":"page","link":"https:\/\/regionalnivodovod.me\/en\/documents\/annual-reports\/","title":{"rendered":"Annual Reports"},"content":{"rendered":"\t\t<div data-elementor-type=\"wp-page\" data-elementor-id=\"6218\" class=\"elementor elementor-6218 elementor-334\">\n\t\t\t\t\t\t\t\t\t<section class=\"elementor-section elementor-top-section elementor-element elementor-element-d4193a7 elementor-section-boxed elementor-section-height-default elementor-section-height-default\" data-id=\"d4193a7\" data-element_type=\"section\" data-settings=\"{&quot;jet_parallax_layout_list&quot;:[]}\">\n\t\t\t\t\t\t<div class=\"elementor-container elementor-column-gap-wide\">\n\t\t\t\t\t<div class=\"elementor-column elementor-col-100 elementor-top-column elementor-element elementor-element-34db467\" data-id=\"34db467\" data-element_type=\"column\">\n\t\t\t<div class=\"elementor-widget-wrap elementor-element-populated\">\n\t\t\t\t\t\t\t\t<div class=\"elementor-element elementor-element-afc84b8 elementor-widget elementor-widget-jet-listing-grid\" data-id=\"afc84b8\" data-element_type=\"widget\" data-settings=\"{&quot;columns&quot;:&quot;1&quot;}\" data-widget_type=\"jet-listing-grid.default\">\n\t\t\t\t<div class=\"elementor-widget-container\">\n\t\t\t<div class=\"jet-listing-grid jet-listing\"><div class=\"jet-listing-grid__items grid-col-desk-1 grid-col-tablet-1 grid-col-mobile-1 jet-listing-grid--84\"  data-nav=\"{&quot;enabled&quot;:false,&quot;type&quot;:null,&quot;more_el&quot;:null,&quot;query&quot;:[],&quot;widget_settings&quot;:{&quot;lisitng_id&quot;:84,&quot;posts_num&quot;:20,&quot;columns&quot;:1,&quot;columns_tablet&quot;:1,&quot;columns_mobile&quot;:1,&quot;is_archive_template&quot;:&quot;&quot;,&quot;post_status&quot;:[&quot;publish&quot;],&quot;use_random_posts_num&quot;:&quot;&quot;,&quot;max_posts_num&quot;:9,&quot;not_found_message&quot;:&quot;No data was found&quot;,&quot;is_masonry&quot;:false,&quot;equal_columns_height&quot;:&quot;&quot;,&quot;use_load_more&quot;:&quot;&quot;,&quot;load_more_id&quot;:&quot;&quot;,&quot;load_more_type&quot;:&quot;click&quot;,&quot;load_more_offset&quot;:{&quot;unit&quot;:&quot;px&quot;,&quot;size&quot;:0,&quot;sizes&quot;:[]},&quot;use_custom_post_types&quot;:&quot;&quot;,&quot;custom_post_types&quot;:[],&quot;hide_widget_if&quot;:&quot;&quot;,&quot;carousel_enabled&quot;:&quot;&quot;,&quot;slides_to_scroll&quot;:&quot;1&quot;,&quot;arrows&quot;:&quot;true&quot;,&quot;arrow_icon&quot;:&quot;fa fa-angle-left&quot;,&quot;dots&quot;:&quot;&quot;,&quot;autoplay&quot;:&quot;true&quot;,&quot;autoplay_speed&quot;:5000,&quot;infinite&quot;:&quot;true&quot;,&quot;center_mode&quot;:&quot;&quot;,&quot;effect&quot;:&quot;slide&quot;,&quot;speed&quot;:500,&quot;inject_alternative_items&quot;:&quot;&quot;,&quot;injection_items&quot;:[],&quot;scroll_slider_enabled&quot;:&quot;&quot;,&quot;scroll_slider_on&quot;:[&quot;desktop&quot;,&quot;tablet&quot;,&quot;mobile&quot;],&quot;custom_query&quot;:false,&quot;custom_query_id&quot;:&quot;&quot;,&quot;_element_id&quot;:&quot;&quot;}}\" data-page=\"1\" data-pages=\"1\" data-listing-source=\"posts\" data-listing-id=\"84\" data-query-id=\"\"><style>.elementor-6270 .elementor-element.elementor-element-0f737a1 > .elementor-widget-wrap > .elementor-widget:not(.elementor-widget__width-auto):not(.elementor-widget__width-initial):not(:last-child):not(.elementor-absolute){margin-bottom:0px;}.elementor-6270 .elementor-element.elementor-element-0f737a1 > .elementor-element-populated{padding:0px 0px 0px 0px;}.elementor-6270 .elementor-element.elementor-element-6f67dff .jet-listing-dynamic-field__content{color:var( --e-global-color-primary );font-family:\"Raleway\", Sans-serif;font-size:1rem;font-weight:500;text-align:left;}.elementor-6270 .elementor-element.elementor-element-6f67dff .jet-listing-dynamic-field .jet-listing-dynamic-field__inline-wrap{width:auto;}.elementor-6270 .elementor-element.elementor-element-6f67dff .jet-listing-dynamic-field .jet-listing-dynamic-field__content{width:auto;}.elementor-6270 .elementor-element.elementor-element-6f67dff .jet-listing-dynamic-field{justify-content:flex-start;}.elementor-6270 .elementor-element.elementor-element-6f67dff .jet-listing-dynamic-field__icon{color:var( --e-global-color-secondary );font-size:22px;}.elementor-6270 .elementor-element.elementor-element-6f67dff .jet-listing-dynamic-field__icon :is(svg, path){fill:var( --e-global-color-secondary );}body:not(.rtl) .elementor-6270 .elementor-element.elementor-element-6f67dff .jet-listing-dynamic-field__icon{margin-right:10px;}body.rtl .elementor-6270 .elementor-element.elementor-element-6f67dff .jet-listing-dynamic-field__icon{margin-left:10px;}.elementor-6270 .elementor-element.elementor-element-42f0f91 .jet-listing-dynamic-field__content{color:var( --e-global-color-primary );font-family:\"Raleway\", Sans-serif;font-size:1rem;font-weight:500;text-align:left;}.elementor-6270 .elementor-element.elementor-element-42f0f91 .jet-listing-dynamic-field .jet-listing-dynamic-field__inline-wrap{width:auto;}.elementor-6270 .elementor-element.elementor-element-42f0f91 .jet-listing-dynamic-field .jet-listing-dynamic-field__content{width:auto;}.elementor-6270 .elementor-element.elementor-element-42f0f91 .jet-listing-dynamic-field{justify-content:flex-start;}.elementor-6270 .elementor-element.elementor-element-42f0f91 .jet-listing-dynamic-field__icon{color:var( --e-global-color-secondary );font-size:22px;}.elementor-6270 .elementor-element.elementor-element-42f0f91 .jet-listing-dynamic-field__icon :is(svg, path){fill:var( --e-global-color-secondary );}body:not(.rtl) .elementor-6270 .elementor-element.elementor-element-42f0f91 .jet-listing-dynamic-field__icon{margin-right:10px;}body.rtl .elementor-6270 .elementor-element.elementor-element-42f0f91 .jet-listing-dynamic-field__icon{margin-left:10px;}.elementor-6270 .elementor-element.elementor-element-f703a7d .jet-listing-dynamic-field__content{color:var( --e-global-color-primary );font-family:\"Raleway\", Sans-serif;font-size:1rem;font-weight:500;text-align:left;}.elementor-6270 .elementor-element.elementor-element-f703a7d .jet-listing-dynamic-field .jet-listing-dynamic-field__inline-wrap{width:auto;}.elementor-6270 .elementor-element.elementor-element-f703a7d .jet-listing-dynamic-field .jet-listing-dynamic-field__content{width:auto;}.elementor-6270 .elementor-element.elementor-element-f703a7d .jet-listing-dynamic-field{justify-content:flex-start;}.elementor-6270 .elementor-element.elementor-element-f703a7d .jet-listing-dynamic-field__icon{color:var( --e-global-color-secondary );font-size:22px;}.elementor-6270 .elementor-element.elementor-element-f703a7d .jet-listing-dynamic-field__icon :is(svg, path){fill:var( --e-global-color-secondary );}body:not(.rtl) .elementor-6270 .elementor-element.elementor-element-f703a7d .jet-listing-dynamic-field__icon{margin-right:10px;}body.rtl .elementor-6270 .elementor-element.elementor-element-f703a7d .jet-listing-dynamic-field__icon{margin-left:10px;}.elementor-6270 .elementor-element.elementor-element-64172cc .jet-listing-dynamic-field__content{color:var( --e-global-color-primary );font-family:\"Raleway\", Sans-serif;font-size:1rem;font-weight:500;text-align:left;}.elementor-6270 .elementor-element.elementor-element-64172cc .jet-listing-dynamic-field .jet-listing-dynamic-field__inline-wrap{width:auto;}.elementor-6270 .elementor-element.elementor-element-64172cc .jet-listing-dynamic-field .jet-listing-dynamic-field__content{width:auto;}.elementor-6270 .elementor-element.elementor-element-64172cc .jet-listing-dynamic-field{justify-content:flex-start;}.elementor-6270 .elementor-element.elementor-element-64172cc .jet-listing-dynamic-field__icon{color:var( --e-global-color-secondary );font-size:22px;}.elementor-6270 .elementor-element.elementor-element-64172cc .jet-listing-dynamic-field__icon :is(svg, path){fill:var( --e-global-color-secondary );}body:not(.rtl) .elementor-6270 .elementor-element.elementor-element-64172cc .jet-listing-dynamic-field__icon{margin-right:10px;}body.rtl .elementor-6270 .elementor-element.elementor-element-64172cc .jet-listing-dynamic-field__icon{margin-left:10px;}.elementor-6270 .elementor-element.elementor-element-6da41a3 .jet-listing-dynamic-link__link{align-self:flex-start;font-family:\"Raleway\", Sans-serif;font-size:1rem;font-weight:500;color:var( --e-global-color-accent );flex-direction:row;}.elementor-6270 .elementor-element.elementor-element-6da41a3 .jet-listing-dynamic-link__icon{color:var( --e-global-color-primary );order:1;font-size:22px;}.elementor-6270 .elementor-element.elementor-element-6da41a3 .jet-listing-dynamic-link__icon :is(svg, path){fill:var( --e-global-color-primary );}.elementor-6270 .elementor-element.elementor-element-6da41a3 .jet-listing-dynamic-link__link:hover{color:var( --e-global-color-secondary );}body:not(.rtl) .elementor-6270 .elementor-element.elementor-element-6da41a3 .jet-listing-dynamic-link__icon{margin-right:10px;}body.rtl .elementor-6270 .elementor-element.elementor-element-6da41a3 .jet-listing-dynamic-link__icon{margin-left:10px;}<\/style><div class=\"jet-listing-grid__item jet-listing-dynamic-post-2937\" data-post-id=\"2937\" >\t\t<div data-elementor-type=\"jet-listing-items\" data-elementor-id=\"6270\" class=\"elementor elementor-6270 elementor-84\">\n\t\t\t\t\t\t\t\t\t<section class=\"elementor-section elementor-top-section elementor-element elementor-element-218dd68 elementor-section-boxed elementor-section-height-default elementor-section-height-default\" data-id=\"218dd68\" data-element_type=\"section\" data-settings=\"{&quot;jet_parallax_layout_list&quot;:[]}\">\n\t\t\t\t\t\t<div class=\"elementor-container elementor-column-gap-default\">\n\t\t\t\t\t<div class=\"elementor-column elementor-col-100 elementor-top-column elementor-element elementor-element-0f737a1\" data-id=\"0f737a1\" data-element_type=\"column\">\n\t\t\t<div class=\"elementor-widget-wrap elementor-element-populated\">\n\t\t\t\t\t\t\t\t<div class=\"elementor-element elementor-element-6f67dff elementor-widget elementor-widget-jet-listing-dynamic-field\" data-id=\"6f67dff\" data-element_type=\"widget\" data-widget_type=\"jet-listing-dynamic-field.default\">\n\t\t\t\t<div class=\"elementor-widget-container\">\n\t\t\t<div class=\"jet-listing jet-listing-dynamic-field display-inline\"><div class=\"jet-listing-dynamic-field__inline-wrap\"><i class=\"jet-listing-dynamic-field__icon far fa-file-pdf\" aria-hidden=\"true\"><\/i><div class=\"jet-listing-dynamic-field__content\"><a href=\"https:\/\/regionalnivodovod.me\/wp-content\/uploads\/Izvjestaj-o-radu-2021-god..pdf\">Izvje\u0161taj o radu 2021<\/a><\/div><\/div><\/div>\t\t<\/div>\n\t\t\t\t<\/div>\n\t\t\t\t\t<\/div>\n\t\t<\/div>\n\t\t\t\t\t\t\t<\/div>\n\t\t<\/section>\n\t\t\t\t\t\t\t<\/div>\n\t\t<\/div><div class=\"jet-listing-grid__item jet-listing-dynamic-post-729\" data-post-id=\"729\" >\t\t<div data-elementor-type=\"jet-listing-items\" data-elementor-id=\"6270\" class=\"elementor elementor-6270 elementor-84\">\n\t\t\t\t\t\t\t\t\t<section class=\"elementor-section elementor-top-section elementor-element elementor-element-218dd68 elementor-section-boxed elementor-section-height-default elementor-section-height-default\" data-id=\"218dd68\" data-element_type=\"section\" data-settings=\"{&quot;jet_parallax_layout_list&quot;:[]}\">\n\t\t\t\t\t\t<div class=\"elementor-container elementor-column-gap-default\">\n\t\t\t\t\t<div class=\"elementor-column elementor-col-100 elementor-top-column elementor-element elementor-element-0f737a1\" data-id=\"0f737a1\" data-element_type=\"column\">\n\t\t\t<div class=\"elementor-widget-wrap elementor-element-populated\">\n\t\t\t\t\t\t\t\t<div class=\"elementor-element elementor-element-6f67dff elementor-widget elementor-widget-jet-listing-dynamic-field\" data-id=\"6f67dff\" data-element_type=\"widget\" data-widget_type=\"jet-listing-dynamic-field.default\">\n\t\t\t\t<div class=\"elementor-widget-container\">\n\t\t\t<div class=\"jet-listing jet-listing-dynamic-field display-inline\"><div class=\"jet-listing-dynamic-field__inline-wrap\"><i class=\"jet-listing-dynamic-field__icon far fa-file-pdf\" aria-hidden=\"true\"><\/i><div class=\"jet-listing-dynamic-field__content\"><a href=\"https:\/\/regionalnivodovod.me\/wp-content\/uploads\/Izvjestaj-o-radu-2018-1102.pdf\">Izvje\u0161taj o radu 2018<\/a><\/div><\/div><\/div>\t\t<\/div>\n\t\t\t\t<\/div>\n\t\t\t\t\t<\/div>\n\t\t<\/div>\n\t\t\t\t\t\t\t<\/div>\n\t\t<\/section>\n\t\t\t\t\t\t\t<\/div>\n\t\t<\/div><div class=\"jet-listing-grid__item jet-listing-dynamic-post-727\" data-post-id=\"727\" >\t\t<div data-elementor-type=\"jet-listing-items\" data-elementor-id=\"6270\" class=\"elementor elementor-6270 elementor-84\">\n\t\t\t\t\t\t\t\t\t<section class=\"elementor-section elementor-top-section elementor-element elementor-element-218dd68 elementor-section-boxed elementor-section-height-default elementor-section-height-default\" data-id=\"218dd68\" data-element_type=\"section\" data-settings=\"{&quot;jet_parallax_layout_list&quot;:[]}\">\n\t\t\t\t\t\t<div class=\"elementor-container elementor-column-gap-default\">\n\t\t\t\t\t<div class=\"elementor-column elementor-col-100 elementor-top-column elementor-element elementor-element-0f737a1\" data-id=\"0f737a1\" data-element_type=\"column\">\n\t\t\t<div class=\"elementor-widget-wrap elementor-element-populated\">\n\t\t\t\t\t\t\t\t<div class=\"elementor-element elementor-element-6f67dff elementor-widget elementor-widget-jet-listing-dynamic-field\" data-id=\"6f67dff\" data-element_type=\"widget\" data-widget_type=\"jet-listing-dynamic-field.default\">\n\t\t\t\t<div class=\"elementor-widget-container\">\n\t\t\t<div class=\"jet-listing jet-listing-dynamic-field display-inline\"><div class=\"jet-listing-dynamic-field__inline-wrap\"><i class=\"jet-listing-dynamic-field__icon far fa-file-pdf\" aria-hidden=\"true\"><\/i><div class=\"jet-listing-dynamic-field__content\"><a href=\"https:\/\/regionalnivodovod.me\/wp-content\/uploads\/Izvjestaj-2017.pdf\">Izvje\u0161taj o radu 2017<\/a><\/div><\/div><\/div>\t\t<\/div>\n\t\t\t\t<\/div>\n\t\t\t\t\t<\/div>\n\t\t<\/div>\n\t\t\t\t\t\t\t<\/div>\n\t\t<\/section>\n\t\t\t\t\t\t\t<\/div>\n\t\t<\/div><div class=\"jet-listing-grid__item jet-listing-dynamic-post-725\" data-post-id=\"725\" >\t\t<div data-elementor-type=\"jet-listing-items\" data-elementor-id=\"6270\" class=\"elementor elementor-6270 elementor-84\">\n\t\t\t\t\t\t\t\t\t<section class=\"elementor-section elementor-top-section elementor-element elementor-element-218dd68 elementor-section-boxed elementor-section-height-default elementor-section-height-default\" data-id=\"218dd68\" data-element_type=\"section\" data-settings=\"{&quot;jet_parallax_layout_list&quot;:[]}\">\n\t\t\t\t\t\t<div class=\"elementor-container elementor-column-gap-default\">\n\t\t\t\t\t<div class=\"elementor-column elementor-col-100 elementor-top-column elementor-element elementor-element-0f737a1\" data-id=\"0f737a1\" data-element_type=\"column\">\n\t\t\t<div class=\"elementor-widget-wrap elementor-element-populated\">\n\t\t\t\t\t\t\t\t<div class=\"elementor-element elementor-element-6f67dff elementor-widget elementor-widget-jet-listing-dynamic-field\" data-id=\"6f67dff\" data-element_type=\"widget\" data-widget_type=\"jet-listing-dynamic-field.default\">\n\t\t\t\t<div class=\"elementor-widget-container\">\n\t\t\t<div class=\"jet-listing jet-listing-dynamic-field display-inline\"><div class=\"jet-listing-dynamic-field__inline-wrap\"><i class=\"jet-listing-dynamic-field__icon far fa-file-pdf\" aria-hidden=\"true\"><\/i><div class=\"jet-listing-dynamic-field__content\"><a href=\"https:\/\/regionalnivodovod.me\/wp-content\/uploads\/Izvjestaj-2016-Vlada.pdf\">Izvje\u0161taj o radu 2016<\/a><\/div><\/div><\/div>\t\t<\/div>\n\t\t\t\t<\/div>\n\t\t\t\t\t<\/div>\n\t\t<\/div>\n\t\t\t\t\t\t\t<\/div>\n\t\t<\/section>\n\t\t\t\t\t\t\t<\/div>\n\t\t<\/div><div class=\"jet-listing-grid__item jet-listing-dynamic-post-723\" data-post-id=\"723\" >\t\t<div data-elementor-type=\"jet-listing-items\" data-elementor-id=\"6270\" class=\"elementor elementor-6270 elementor-84\">\n\t\t\t\t\t\t\t\t\t<section class=\"elementor-section elementor-top-section elementor-element elementor-element-218dd68 elementor-section-boxed elementor-section-height-default elementor-section-height-default\" data-id=\"218dd68\" data-element_type=\"section\" data-settings=\"{&quot;jet_parallax_layout_list&quot;:[]}\">\n\t\t\t\t\t\t<div class=\"elementor-container elementor-column-gap-default\">\n\t\t\t\t\t<div class=\"elementor-column elementor-col-100 elementor-top-column elementor-element elementor-element-0f737a1\" data-id=\"0f737a1\" data-element_type=\"column\">\n\t\t\t<div class=\"elementor-widget-wrap elementor-element-populated\">\n\t\t\t\t\t\t\t\t<div class=\"elementor-element elementor-element-6f67dff elementor-widget elementor-widget-jet-listing-dynamic-field\" data-id=\"6f67dff\" data-element_type=\"widget\" data-widget_type=\"jet-listing-dynamic-field.default\">\n\t\t\t\t<div class=\"elementor-widget-container\">\n\t\t\t<div class=\"jet-listing jet-listing-dynamic-field display-inline\"><div class=\"jet-listing-dynamic-field__inline-wrap\"><i class=\"jet-listing-dynamic-field__icon far fa-file-pdf\" aria-hidden=\"true\"><\/i><div class=\"jet-listing-dynamic-field__content\"><a href=\"https:\/\/regionalnivodovod.me\/wp-content\/uploads\/Izvjestaj-o-radu-2015-konacni.pdf\">Izvje\u0161taj o radu 2015<\/a><\/div><\/div><\/div>\t\t<\/div>\n\t\t\t\t<\/div>\n\t\t\t\t\t<\/div>\n\t\t<\/div>\n\t\t\t\t\t\t\t<\/div>\n\t\t<\/section>\n\t\t\t\t\t\t\t<\/div>\n\t\t<\/div><div class=\"jet-listing-grid__item jet-listing-dynamic-post-721\" data-post-id=\"721\" >\t\t<div data-elementor-type=\"jet-listing-items\" data-elementor-id=\"6270\" class=\"elementor elementor-6270 elementor-84\">\n\t\t\t\t\t\t\t\t\t<section class=\"elementor-section elementor-top-section elementor-element elementor-element-218dd68 elementor-section-boxed elementor-section-height-default elementor-section-height-default\" data-id=\"218dd68\" data-element_type=\"section\" data-settings=\"{&quot;jet_parallax_layout_list&quot;:[]}\">\n\t\t\t\t\t\t<div class=\"elementor-container elementor-column-gap-default\">\n\t\t\t\t\t<div class=\"elementor-column elementor-col-100 elementor-top-column elementor-element elementor-element-0f737a1\" data-id=\"0f737a1\" data-element_type=\"column\">\n\t\t\t<div class=\"elementor-widget-wrap elementor-element-populated\">\n\t\t\t\t\t\t\t\t<div class=\"elementor-element elementor-element-6f67dff elementor-widget elementor-widget-jet-listing-dynamic-field\" data-id=\"6f67dff\" data-element_type=\"widget\" data-widget_type=\"jet-listing-dynamic-field.default\">\n\t\t\t\t<div class=\"elementor-widget-container\">\n\t\t\t<div class=\"jet-listing jet-listing-dynamic-field display-inline\"><div class=\"jet-listing-dynamic-field__inline-wrap\"><i class=\"jet-listing-dynamic-field__icon far fa-file-pdf\" aria-hidden=\"true\"><\/i><div class=\"jet-listing-dynamic-field__content\"><a href=\"https:\/\/regionalnivodovod.me\/wp-content\/uploads\/izvjestaj-o-radu-za-2014.pdf\">Izvje\u0161taj o radu 2014<\/a><\/div><\/div><\/div>\t\t<\/div>\n\t\t\t\t<\/div>\n\t\t\t\t\t<\/div>\n\t\t<\/div>\n\t\t\t\t\t\t\t<\/div>\n\t\t<\/section>\n\t\t\t\t\t\t\t<\/div>\n\t\t<\/div><div class=\"jet-listing-grid__item jet-listing-dynamic-post-707\" data-post-id=\"707\" >\t\t<div data-elementor-type=\"jet-listing-items\" data-elementor-id=\"6270\" class=\"elementor elementor-6270 elementor-84\">\n\t\t\t\t\t\t\t\t\t<section class=\"elementor-section elementor-top-section elementor-element elementor-element-218dd68 elementor-section-boxed elementor-section-height-default elementor-section-height-default\" data-id=\"218dd68\" data-element_type=\"section\" data-settings=\"{&quot;jet_parallax_layout_list&quot;:[]}\">\n\t\t\t\t\t\t<div class=\"elementor-container elementor-column-gap-default\">\n\t\t\t\t\t<div class=\"elementor-column elementor-col-100 elementor-top-column elementor-element elementor-element-0f737a1\" data-id=\"0f737a1\" data-element_type=\"column\">\n\t\t\t<div class=\"elementor-widget-wrap elementor-element-populated\">\n\t\t\t\t\t\t\t\t<div class=\"elementor-element elementor-element-6f67dff elementor-widget elementor-widget-jet-listing-dynamic-field\" data-id=\"6f67dff\" data-element_type=\"widget\" data-widget_type=\"jet-listing-dynamic-field.default\">\n\t\t\t\t<div class=\"elementor-widget-container\">\n\t\t\t<div class=\"jet-listing jet-listing-dynamic-field display-inline\"><div class=\"jet-listing-dynamic-field__inline-wrap\"><i class=\"jet-listing-dynamic-field__icon far fa-file-pdf\" aria-hidden=\"true\"><\/i><div class=\"jet-listing-dynamic-field__content\"><a href=\"https:\/\/regionalnivodovod.me\/wp-content\/uploads\/Izvjestaj-o-radu-2013-vlada.pdf\">Izvje\u0161taj o radu 2013<\/a><\/div><\/div><\/div>\t\t<\/div>\n\t\t\t\t<\/div>\n\t\t\t\t\t<\/div>\n\t\t<\/div>\n\t\t\t\t\t\t\t<\/div>\n\t\t<\/section>\n\t\t\t\t\t\t\t<\/div>\n\t\t<\/div><\/div><\/div>\t\t<\/div>\n\t\t\t\t<\/div>\n\t\t\t\t\t<\/div>\n\t\t<\/div>\n\t\t\t\t\t\t\t<\/div>\n\t\t<\/section>\n\t\t\t\t\t\t\t<\/div>\n\t\t","protected":false},"excerpt":{"rendered":"<p>Izvje\u0161taj o radu 2021 Izvje\u0161taj o radu 2018 Izvje\u0161taj o radu 2017 Izvje\u0161taj o radu 2016 Izvje\u0161taj o radu 2015 Izvje\u0161taj o radu 2014 Izvje\u0161taj o radu 2013<\/p>\n","protected":false},"author":1,"featured_media":0,"parent":6206,"menu_order":0,"comment_status":"closed","ping_status":"closed","template":"elementor_header_footer","meta":{"_seopress_robots_primary_cat":"","footnotes":""},"class_list":["post-6218","page","type-page","status-publish","hentry"],"_links":{"self":[{"href":"https:\/\/regionalnivodovod.me\/en\/wp-json\/wp\/v2\/pages\/6218","targetHints":{"allow":["GET"]}}],"collection":[{"href":"https:\/\/regionalnivodovod.me\/en\/wp-json\/wp\/v2\/pages"}],"about":[{"href":"https:\/\/regionalnivodovod.me\/en\/wp-json\/wp\/v2\/types\/page"}],"author":[{"embeddable":true,"href":"https:\/\/regionalnivodovod.me\/en\/wp-json\/wp\/v2\/users\/1"}],"replies":[{"embeddable":true,"href":"https:\/\/regionalnivodovod.me\/en\/wp-json\/wp\/v2\/comments?post=6218"}],"version-history":[{"count":1,"href":"https:\/\/regionalnivodovod.me\/en\/wp-json\/wp\/v2\/pages\/6218\/revisions"}],"predecessor-version":[{"id":6219,"href":"https:\/\/regionalnivodovod.me\/en\/wp-json\/wp\/v2\/pages\/6218\/revisions\/6219"}],"up":[{"embeddable":true,"href":"https:\/\/regionalnivodovod.me\/en\/wp-json\/wp\/v2\/pages\/6206"}],"wp:attachment":[{"href":"https:\/\/regionalnivodovod.me\/en\/wp-json\/wp\/v2\/media?parent=6218"}],"curies":[{"name":"wp","href":"https:\/\/api.w.org\/{rel}","templated":true}]}}